{"id":1288,"date":"2023-09-14T16:47:47","date_gmt":"2023-09-14T14:47:47","guid":{"rendered":"https:\/\/turfuproject.pacollaborative.com\/home\/"},"modified":"2025-01-13T15:53:26","modified_gmt":"2025-01-13T14:53:26","slug":"home","status":"publish","type":"page","link":"https:\/\/turfuproject.pacollaborative.com\/fi\/","title":{"rendered":"HOME"},"content":{"rendered":"<header class=\"alignwide wp-block-template-part\">\n<div class=\"wp-block-group alignfull has-global-padding is-layout-constrained wp-container-core-group-is-layout-23b1a4dc wp-block-group-is-layout-constrained\" style=\"padding-top:var(--wp--preset--spacing--30);padding-right:var(--wp--preset--spacing--30);padding-bottom:var(--wp--preset--spacing--30);padding-left:var(--wp--preset--spacing--30)\">\n<div class=\"wp-block-group alignwide is-content-justification-space-between is-layout-flex wp-container-core-group-is-layout-b585a4aa wp-block-group-is-layout-flex\">\n<div class=\"wp-block-group is-layout-flex wp-container-core-group-is-layout-7a92790e wp-block-group-is-layout-flex\"><div class=\"is-default-size wp-block-site-logo\"><a href=\"https:\/\/turfuproject.pacollaborative.com\/fi\/\" class=\"custom-logo-link\" rel=\"home\"><img loading=\"lazy\" decoding=\"async\" width=\"1611\" height=\"1497\" src=\"https:\/\/turfuproject.pacollaborative.com\/wp-content\/uploads\/2023\/10\/TURFU_LOGO-14.png\" class=\"custom-logo\" alt=\"Turfu Project\" srcset=\"https:\/\/turfuproject.pacollaborative.com\/wp-content\/uploads\/2023\/10\/TURFU_LOGO-14.png 1611w, https:\/\/turfuproject.pacollaborative.com\/wp-content\/uploads\/2023\/10\/TURFU_LOGO-14-300x279.png 300w, https:\/\/turfuproject.pacollaborative.com\/wp-content\/uploads\/2023\/10\/TURFU_LOGO-14-1024x952.png 1024w, https:\/\/turfuproject.pacollaborative.com\/wp-content\/uploads\/2023\/10\/TURFU_LOGO-14-768x714.png 768w, https:\/\/turfuproject.pacollaborative.com\/wp-content\/uploads\/2023\/10\/TURFU_LOGO-14-1536x1427.png 1536w\" sizes=\"auto, (max-width: 1611px) 100vw, 1611px\" \/><\/a><\/div><\/div>\n\n\n<nav class=\"is-responsive items-justified-right wp-block-navigation is-content-justification-right is-layout-flex wp-container-core-navigation-is-layout-f665d2b5 wp-block-navigation-is-layout-flex\" aria-label=\"Navigaatio\" \n\t\t data-wp-interactive=\"core\/navigation\" data-wp-context='{\"overlayOpenedBy\":{\"click\":false,\"hover\":false,\"focus\":false},\"type\":\"overlay\",\"roleAttribute\":\"\",\"ariaLabel\":\"Valikko\"}'><button aria-haspopup=\"dialog\" aria-label=\"Avaa valikko\" class=\"wp-block-navigation__responsive-container-open\" \n\t\t\t\tdata-wp-on--click=\"actions.openMenuOnClick\"\n\t\t\t\tdata-wp-on--keydown=\"actions.handleMenuKeydown\"\n\t\t\t><svg width=\"24\" height=\"24\" xmlns=\"http:\/\/www.w3.org\/2000\/svg\" viewBox=\"0 0 24 24\" aria-hidden=\"true\" focusable=\"false\"><path d=\"M4 7.5h16v1.5H4z\"><\/path><path d=\"M4 15h16v1.5H4z\"><\/path><\/svg><\/button>\n\t\t\t\t<div class=\"wp-block-navigation__responsive-container\"  id=\"modal-1\" \n\t\t\t\tdata-wp-class--has-modal-open=\"state.isMenuOpen\"\n\t\t\t\tdata-wp-class--is-menu-open=\"state.isMenuOpen\"\n\t\t\t\tdata-wp-watch=\"callbacks.initMenu\"\n\t\t\t\tdata-wp-on--keydown=\"actions.handleMenuKeydown\"\n\t\t\t\tdata-wp-on--focusout=\"actions.handleMenuFocusout\"\n\t\t\t\ttabindex=\"-1\"\n\t\t\t>\n\t\t\t\t\t<div class=\"wp-block-navigation__responsive-close\" tabindex=\"-1\">\n\t\t\t\t\t\t<div class=\"wp-block-navigation__responsive-dialog\" \n\t\t\t\tdata-wp-bind--aria-modal=\"state.ariaModal\"\n\t\t\t\tdata-wp-bind--aria-label=\"state.ariaLabel\"\n\t\t\t\tdata-wp-bind--role=\"state.roleAttribute\"\n\t\t\t>\n\t\t\t\t\t\t\t<button aria-label=\"Sulje valikko\" class=\"wp-block-navigation__responsive-container-close\" \n\t\t\t\tdata-wp-on--click=\"actions.closeMenuOnClick\"\n\t\t\t><svg xmlns=\"http:\/\/www.w3.org\/2000\/svg\" viewBox=\"0 0 24 24\" width=\"24\" height=\"24\" aria-hidden=\"true\" focusable=\"false\"><path d=\"m13.06 12 6.47-6.47-1.06-1.06L12 10.94 5.53 4.47 4.47 5.53 10.94 12l-6.47 6.47 1.06 1.06L12 13.06l6.47 6.47 1.06-1.06L13.06 12Z\"><\/path><\/svg><\/button>\n\t\t\t\t\t\t\t<div class=\"wp-block-navigation__responsive-container-content\" \n\t\t\t\tdata-wp-watch=\"callbacks.focusFirstElement\"\n\t\t\t id=\"modal-1-content\">\n\t\t\t\t\t\t\t\t<ul class=\"wp-block-navigation__container is-responsive items-justified-right wp-block-navigation\"><li class=\" wp-block-navigation-item wp-block-navigation-link\"><a class=\"wp-block-navigation-item__content\"  href=\"https:\/\/turfuproject.pacollaborative.com\/\"><span class=\"wp-block-navigation-item__label\">HOME<\/span><\/a><\/li><div id=\"\" class=\"wpml-language-switcher-navigation-block wpml-ls-dropdown\"><div class=\"block-editor-block-list__block wp-block wp-block-navigation-item has-link has-child wp-block-navigation-submenu\"><div class=\"wpml-ls-dropdown open-on-hover-click \"><ul class=\"wp-block-navigation__container\"><li class=\"wp-block-navigation-item has-child wp-block-navigation-submenu open-on-hover-click\" onclick=\"(()=&gt;{const ariaExpanded = this.children[0].getAttribute('aria-expanded');\n\t\t\t\t\tthis.children[0].setAttribute('aria-expanded', ariaExpanded === 'true' ? 'false' : 'true');})(this);\"><div class=\"wp-block-navigation-item__content wp-block-navigation-submenu__toggle\" aria-expanded=\"false\"><span class=\"current-language-item\" style=\"display:flex;cursor:pointer\" data-wpml=\"current-language-item\"><div style=\"display:inline-block\" class=\"wp-block-navigation-item__content\"><div><img decoding=\"async\" alt=\"wpml-ls-flag\" class=\"wpml-ls-flag\" src=\"https:\/\/turfuproject.pacollaborative.com\/wp-content\/plugins\/sitepress-multilingual-cms\/res\/flags\/fi.svg\" style=\"margin-right:4px;width:18px;height:12px;border-radius:0%;object-fit:unset\" size=\"24\" data-wpml=\"flag-url\"><span data-wpml=\"label\" data-wpml-label-type=\"native\" class=\"wp-block-navigation-item__label \">Suomi<\/span><\/div><\/div><span class=\"wp-block-navigation__submenu-icon\"><svg xmlns=\"http:\/\/www.w3.org\/2000\/svg\" width=\"12\" height=\"12\" viewbox=\"0 0 12 12\" fill=\"none\" aria-hidden=\"true\" focusable=\"false\"><path d=\"M1.50002 4L6.00002 8L10.5 4\" stroke-width=\"1.5\"><\/path><\/svg><\/span><\/span><\/div><ul class=\"wp-block-navigation__submenu-container isHorizontal\" style=\"flex-wrap:nowrap\" data-is-drop-zone=\"true\"><li class=\"wp-block-navigation-item \" data-wpml=\"language-item\"><div><a class=\"wp-block-navigation-item__content\" data-wpml=\"link\" href=\"http:\/\/turfuproject.pacollaborative.com\/\"><img decoding=\"async\" alt=\"wpml-ls-flag\" class=\"wpml-ls-flag\" src=\"https:\/\/turfuproject.pacollaborative.com\/wp-content\/plugins\/sitepress-multilingual-cms\/res\/flags\/en.svg\" style=\"margin-right:4px;width:18px;height:12px;border-radius:0%;object-fit:unset\" size=\"24\" data-wpml=\"flag-url\"><span data-wpml=\"label\" data-wpml-label-type=\"native\" class=\"wp-block-navigation-item__label \">English<\/span><\/a><\/div><\/li><li class=\"wp-block-navigation-item \" data-wpml=\"language-item\"><div><a class=\"wp-block-navigation-item__content\" data-wpml=\"link\" href=\"http:\/\/turfuproject.pacollaborative.com\/fr\/\"><img decoding=\"async\" alt=\"wpml-ls-flag\" class=\"wpml-ls-flag\" src=\"https:\/\/turfuproject.pacollaborative.com\/wp-content\/plugins\/sitepress-multilingual-cms\/res\/flags\/fr.svg\" style=\"margin-right:4px;width:18px;height:12px;border-radius:0%;object-fit:unset\" size=\"24\" data-wpml=\"flag-url\"><span data-wpml=\"label\" data-wpml-label-type=\"native\" class=\"wp-block-navigation-item__label \">Fran&ccedil;ais<\/span><\/a><\/div><\/li><li class=\"wp-block-navigation-item \" data-wpml=\"language-item\"><div><a class=\"wp-block-navigation-item__content\" data-wpml=\"link\" href=\"http:\/\/turfuproject.pacollaborative.com\/it\/\"><img decoding=\"async\" alt=\"wpml-ls-flag\" class=\"wpml-ls-flag\" src=\"https:\/\/turfuproject.pacollaborative.com\/wp-content\/plugins\/sitepress-multilingual-cms\/res\/flags\/it.svg\" style=\"margin-right:4px;width:18px;height:12px;border-radius:0%;object-fit:unset\" size=\"24\" data-wpml=\"flag-url\"><span data-wpml=\"label\" data-wpml-label-type=\"native\" class=\"wp-block-navigation-item__label \">Italiano<\/span><\/a><\/div><\/li><\/ul><\/li><\/ul><\/div><\/div><\/div>\n<li class=\"wp-block-navigation-item\">\n<ul class=\"wp-block-social-links is-layout-flex wp-block-social-links-is-layout-flex\"><li class=\"wp-social-link wp-social-link-instagram  wp-block-social-link\"><a href=\"https:\/\/www.instagram.com\/turfu.project\/\" class=\"wp-block-social-link-anchor\"><svg width=\"24\" height=\"24\" viewBox=\"0 0 24 24\" version=\"1.1\" xmlns=\"http:\/\/www.w3.org\/2000\/svg\" aria-hidden=\"true\" focusable=\"false\"><path d=\"M12,4.622c2.403,0,2.688,0.009,3.637,0.052c0.877,0.04,1.354,0.187,1.671,0.31c0.42,0.163,0.72,0.358,1.035,0.673 c0.315,0.315,0.51,0.615,0.673,1.035c0.123,0.317,0.27,0.794,0.31,1.671c0.043,0.949,0.052,1.234,0.052,3.637 s-0.009,2.688-0.052,3.637c-0.04,0.877-0.187,1.354-0.31,1.671c-0.163,0.42-0.358,0.72-0.673,1.035 c-0.315,0.315-0.615,0.51-1.035,0.673c-0.317,0.123-0.794,0.27-1.671,0.31c-0.949,0.043-1.233,0.052-3.637,0.052 s-2.688-0.009-3.637-0.052c-0.877-0.04-1.354-0.187-1.671-0.31c-0.42-0.163-0.72-0.358-1.035-0.673 c-0.315-0.315-0.51-0.615-0.673-1.035c-0.123-0.317-0.27-0.794-0.31-1.671C4.631,14.688,4.622,14.403,4.622,12 s0.009-2.688,0.052-3.637c0.04-0.877,0.187-1.354,0.31-1.671c0.163-0.42,0.358-0.72,0.673-1.035 c0.315-0.315,0.615-0.51,1.035-0.673c0.317-0.123,0.794-0.27,1.671-0.31C9.312,4.631,9.597,4.622,12,4.622 M12,3 C9.556,3,9.249,3.01,8.289,3.054C7.331,3.098,6.677,3.25,6.105,3.472C5.513,3.702,5.011,4.01,4.511,4.511 c-0.5,0.5-0.808,1.002-1.038,1.594C3.25,6.677,3.098,7.331,3.054,8.289C3.01,9.249,3,9.556,3,12c0,2.444,0.01,2.751,0.054,3.711 c0.044,0.958,0.196,1.612,0.418,2.185c0.23,0.592,0.538,1.094,1.038,1.594c0.5,0.5,1.002,0.808,1.594,1.038 c0.572,0.222,1.227,0.375,2.185,0.418C9.249,20.99,9.556,21,12,21s2.751-0.01,3.711-0.054c0.958-0.044,1.612-0.196,2.185-0.418 c0.592-0.23,1.094-0.538,1.594-1.038c0.5-0.5,0.808-1.002,1.038-1.594c0.222-0.572,0.375-1.227,0.418-2.185 C20.99,14.751,21,14.444,21,12s-0.01-2.751-0.054-3.711c-0.044-0.958-0.196-1.612-0.418-2.185c-0.23-0.592-0.538-1.094-1.038-1.594 c-0.5-0.5-1.002-0.808-1.594-1.038c-0.572-0.222-1.227-0.375-2.185-0.418C14.751,3.01,14.444,3,12,3L12,3z M12,7.378 c-2.552,0-4.622,2.069-4.622,4.622S9.448,16.622,12,16.622s4.622-2.069,4.622-4.622S14.552,7.378,12,7.378z M12,15 c-1.657,0-3-1.343-3-3s1.343-3,3-3s3,1.343,3,3S13.657,15,12,15z M16.804,6.116c-0.596,0-1.08,0.484-1.08,1.08 s0.484,1.08,1.08,1.08c0.596,0,1.08-0.484,1.08-1.08S17.401,6.116,16.804,6.116z\"><\/path><\/svg><span class=\"wp-block-social-link-label screen-reader-text\">Instagram<\/span><\/a><\/li><\/ul>\n<\/li><\/ul>\n\t\t\t\t\t\t\t<\/div>\n\t\t\t\t\t\t<\/div>\n\t\t\t\t\t<\/div>\n\t\t\t\t<\/div><\/nav><\/div>\n<\/div>\n<\/header>\n\n\n<div class=\"wp-block-cover alignfull is-light\" style=\"margin-top:0;margin-bottom:0;padding-top:0;padding-right:0;padding-bottom:0;padding-left:0;min-height:412px;aspect-ratio:unset;\"><span aria-hidden=\"true\" class=\"wp-block-cover__background has-background-dim-70 has-background-dim\" style=\"background-color:#9066e3\"><\/span><img loading=\"lazy\" decoding=\"async\" width=\"1152\" height=\"576\" class=\"wp-block-cover__image-background wp-image-456\" alt=\"\" src=\"http:\/\/turfuproject.pacollaborative.com\/wp-content\/uploads\/2023\/10\/enchaussettes_a_picture_of_a_colorful_landscape_of_urban_roofto_ce18ed65-a525-4bad-b344-63bad5d6df74-1-1.png\" style=\"object-position:51% 75%\" data-object-fit=\"cover\" data-object-position=\"51% 75%\" srcset=\"https:\/\/turfuproject.pacollaborative.com\/wp-content\/uploads\/2023\/10\/enchaussettes_a_picture_of_a_colorful_landscape_of_urban_roofto_ce18ed65-a525-4bad-b344-63bad5d6df74-1-1.png 1152w, https:\/\/turfuproject.pacollaborative.com\/wp-content\/uploads\/2023\/10\/enchaussettes_a_picture_of_a_colorful_landscape_of_urban_roofto_ce18ed65-a525-4bad-b344-63bad5d6df74-1-1-300x150.png 300w, https:\/\/turfuproject.pacollaborative.com\/wp-content\/uploads\/2023\/10\/enchaussettes_a_picture_of_a_colorful_landscape_of_urban_roofto_ce18ed65-a525-4bad-b344-63bad5d6df74-1-1-1024x512.png 1024w, https:\/\/turfuproject.pacollaborative.com\/wp-content\/uploads\/2023\/10\/enchaussettes_a_picture_of_a_colorful_landscape_of_urban_roofto_ce18ed65-a525-4bad-b344-63bad5d6df74-1-1-768x384.png 768w\" sizes=\"auto, (max-width: 1152px) 100vw, 1152px\" \/><div class=\"wp-block-cover__inner-container is-layout-flow wp-block-cover-is-layout-flow\">\n<div class=\"wp-block-group alignfull has-global-padding is-layout-constrained wp-block-group-is-layout-constrained\">\n<div class=\"wp-block-columns alignwide is-layout-flex wp-container-core-columns-is-layout-28f84493 wp-block-columns-is-layout-flex\">\n<div class=\"wp-block-column is-vertically-aligned-center is-layout-flow wp-block-column-is-layout-flow\" style=\"flex-basis:100%\">\n<div style=\"height:34px\" aria-hidden=\"true\" class=\"wp-block-spacer\"><\/div>\n\n\n\n<div class=\"wp-block-columns is-layout-flex wp-container-core-columns-is-layout-28f84493 wp-block-columns-is-layout-flex\">\n<div class=\"wp-block-column is-layout-flow wp-block-column-is-layout-flow\" style=\"padding-right:0;padding-left:0;flex-basis:60%\">\n<h2 class=\"wp-block-heading\"><strong><mark style=\"background-color:#f3f3f1\" class=\"has-inline-color has-contrast-color\">TURFU SANASTO<\/mark><\/strong><\/h2>\n\n\n\n<p class=\"has-base-color has-text-color\" style=\"padding-top:0;padding-right:0;padding-bottom:0;padding-left:0;font-size:clamp(0.984rem, 0.984rem + ((1vw - 0.2rem) * 0.938), 1.5rem);\"><p class=\"has-base-color has-text-color\" style=\"padding-top:0;padding-right:0;padding-bottom:0;padding-left:0;font-size:1.5rem\"><\/p><p class=\"has-base-color has-text-color\" style=\"padding-top:0;padding-right:0;padding-bottom:0;padding-left:0;font-size:1.1rem\"><mark style=\"background-color:#f3f3f1\" class=\"has-inline-color has-contrast-color\"><strong>T\u00e4m\u00e4 sanasto on koottu helpottamaan Turfu Project -hankkeen englanninkielisen materiaalin ymm\u00e4rt\u00e4mist\u00e4. Sanasto tarjoaa selityksi\u00e4 projektissa k\u00e4ytetyille keskeisille termeille ja k\u00e4sitteille. Se on tarkoitettu tukemaan lukijaa, joka haluaa syventy\u00e4 projektin sis\u00e4lt\u00f6\u00f6n ja ymm\u00e4rt\u00e4\u00e4 paremmin siin\u00e4 k\u00e4ytetty\u00e4 sanastoa.<\/strong><\/mark><\/p><\/p>\n\n\n\n<div class=\"wp-block-buttons is-layout-flex wp-block-buttons-is-layout-flex\">\n<div class=\"wp-block-button\"><a class=\"wp-block-button__link wp-element-button\" href=\"https:\/\/drive.google.com\/file\/d\/1lTfGG2sNNulSdyUmJOZF-B_ZOlwJYHwT\/view?usp=drive_link\" target=\"_blank\" rel=\"noreferrer noopener\">lataa sanasto<\/a><\/div>\n<\/div>\n<\/div>\n\n\n\n<div class=\"wp-block-column is-layout-flow wp-container-core-column-is-layout-22da86bd wp-block-column-is-layout-flow\" style=\"padding-top:0px;padding-right:0;padding-bottom:0px;padding-left:0;flex-basis:50%\">\n<figure class=\"wp-block-image size-full is-resized\"><img loading=\"lazy\" decoding=\"async\" width=\"1024\" height=\"829\" src=\"http:\/\/turfuproject.pacollaborative.com\/wp-content\/uploads\/2023\/10\/image-1.png\" alt=\"\" class=\"wp-image-454\" style=\"width:513px;height:auto\" srcset=\"https:\/\/turfuproject.pacollaborative.com\/wp-content\/uploads\/2023\/10\/image-1.png 1024w, https:\/\/turfuproject.pacollaborative.com\/wp-content\/uploads\/2023\/10\/image-1-300x243.png 300w, https:\/\/turfuproject.pacollaborative.com\/wp-content\/uploads\/2023\/10\/image-1-768x622.png 768w\" sizes=\"auto, (max-width: 1024px) 100vw, 1024px\" \/><\/figure>\n<\/div>\n<\/div>\n<\/div>\n<\/div>\n<\/div>\n<\/div><\/div>\n\n\n<footer class=\"alignwide wp-block-template-part\">\n<div class=\"wp-block-group has-global-padding is-layout-constrained wp-block-group-is-layout-constrained\">\n<div class=\"wp-block-group alignwide is-content-justification-space-between is-layout-flex wp-container-core-group-is-layout-c07eba30 wp-block-group-is-layout-flex\" style=\"padding-top:var(--wp--preset--spacing--40)\">\n<p class=\"has-text-align-right\"><a href=\"https:\/\/drive.google.com\/file\/d\/1n4Kh_BsSizxKZbeowtyji3Dlkb-PK9i7\/view?usp=drive_link\" target=\"_blank\" rel=\"noreferrer noopener\">WEBSITE GUIDELINES<\/a><\/p>\n\n\n\n<figure class=\"wp-block-image size-full is-resized\"><img loading=\"lazy\" decoding=\"async\" width=\"768\" height=\"167\" src=\"http:\/\/turfuproject.pacollaborative.com\/wp-content\/uploads\/2023\/10\/EU-logo-sufinanciranje-768x167-1-1.png\" alt=\"\" class=\"wp-image-1294\" style=\"width:212px;height:auto\" srcset=\"https:\/\/turfuproject.pacollaborative.com\/wp-content\/uploads\/2023\/10\/EU-logo-sufinanciranje-768x167-1-1.png 768w, https:\/\/turfuproject.pacollaborative.com\/wp-content\/uploads\/2023\/10\/EU-logo-sufinanciranje-768x167-1-1-300x65.png 300w\" sizes=\"auto, (max-width: 768px) 100vw, 768px\" \/><\/figure>\n\n\n\n<ul class=\"wp-block-social-links is-layout-flex wp-block-social-links-is-layout-flex\"><li class=\"wp-social-link wp-social-link-instagram  wp-block-social-link\"><a href=\"https:\/\/www.instagram.com\/turfu.project\/\" class=\"wp-block-social-link-anchor\"><svg width=\"24\" height=\"24\" viewBox=\"0 0 24 24\" version=\"1.1\" xmlns=\"http:\/\/www.w3.org\/2000\/svg\" aria-hidden=\"true\" focusable=\"false\"><path d=\"M12,4.622c2.403,0,2.688,0.009,3.637,0.052c0.877,0.04,1.354,0.187,1.671,0.31c0.42,0.163,0.72,0.358,1.035,0.673 c0.315,0.315,0.51,0.615,0.673,1.035c0.123,0.317,0.27,0.794,0.31,1.671c0.043,0.949,0.052,1.234,0.052,3.637 s-0.009,2.688-0.052,3.637c-0.04,0.877-0.187,1.354-0.31,1.671c-0.163,0.42-0.358,0.72-0.673,1.035 c-0.315,0.315-0.615,0.51-1.035,0.673c-0.317,0.123-0.794,0.27-1.671,0.31c-0.949,0.043-1.233,0.052-3.637,0.052 s-2.688-0.009-3.637-0.052c-0.877-0.04-1.354-0.187-1.671-0.31c-0.42-0.163-0.72-0.358-1.035-0.673 c-0.315-0.315-0.51-0.615-0.673-1.035c-0.123-0.317-0.27-0.794-0.31-1.671C4.631,14.688,4.622,14.403,4.622,12 s0.009-2.688,0.052-3.637c0.04-0.877,0.187-1.354,0.31-1.671c0.163-0.42,0.358-0.72,0.673-1.035 c0.315-0.315,0.615-0.51,1.035-0.673c0.317-0.123,0.794-0.27,1.671-0.31C9.312,4.631,9.597,4.622,12,4.622 M12,3 C9.556,3,9.249,3.01,8.289,3.054C7.331,3.098,6.677,3.25,6.105,3.472C5.513,3.702,5.011,4.01,4.511,4.511 c-0.5,0.5-0.808,1.002-1.038,1.594C3.25,6.677,3.098,7.331,3.054,8.289C3.01,9.249,3,9.556,3,12c0,2.444,0.01,2.751,0.054,3.711 c0.044,0.958,0.196,1.612,0.418,2.185c0.23,0.592,0.538,1.094,1.038,1.594c0.5,0.5,1.002,0.808,1.594,1.038 c0.572,0.222,1.227,0.375,2.185,0.418C9.249,20.99,9.556,21,12,21s2.751-0.01,3.711-0.054c0.958-0.044,1.612-0.196,2.185-0.418 c0.592-0.23,1.094-0.538,1.594-1.038c0.5-0.5,0.808-1.002,1.038-1.594c0.222-0.572,0.375-1.227,0.418-2.185 C20.99,14.751,21,14.444,21,12s-0.01-2.751-0.054-3.711c-0.044-0.958-0.196-1.612-0.418-2.185c-0.23-0.592-0.538-1.094-1.038-1.594 c-0.5-0.5-1.002-0.808-1.594-1.038c-0.572-0.222-1.227-0.375-2.185-0.418C14.751,3.01,14.444,3,12,3L12,3z M12,7.378 c-2.552,0-4.622,2.069-4.622,4.622S9.448,16.622,12,16.622s4.622-2.069,4.622-4.622S14.552,7.378,12,7.378z M12,15 c-1.657,0-3-1.343-3-3s1.343-3,3-3s3,1.343,3,3S13.657,15,12,15z M16.804,6.116c-0.596,0-1.08,0.484-1.08,1.08 s0.484,1.08,1.08,1.08c0.596,0,1.08-0.484,1.08-1.08S17.401,6.116,16.804,6.116z\"><\/path><\/svg><span class=\"wp-block-social-link-label screen-reader-text\">Instagram<\/span><\/a><\/li><\/ul>\n<\/div>\n<\/div>\n<\/footer>","protected":false},"excerpt":{"rendered":"","protected":false},"author":1,"featured_media":0,"parent":0,"menu_order":0,"comment_status":"closed","ping_status":"closed","template":"blank","meta":{"_mc_calendar":[],"footnotes":""},"class_list":["post-1288","page","type-page","status-publish","hentry"],"_links":{"self":[{"href":"https:\/\/turfuproject.pacollaborative.com\/fi\/wp-json\/wp\/v2\/pages\/1288","targetHints":{"allow":["GET"]}}],"collection":[{"href":"https:\/\/turfuproject.pacollaborative.com\/fi\/wp-json\/wp\/v2\/pages"}],"about":[{"href":"https:\/\/turfuproject.pacollaborative.com\/fi\/wp-json\/wp\/v2\/types\/page"}],"author":[{"embeddable":true,"href":"https:\/\/turfuproject.pacollaborative.com\/fi\/wp-json\/wp\/v2\/users\/1"}],"replies":[{"embeddable":true,"href":"https:\/\/turfuproject.pacollaborative.com\/fi\/wp-json\/wp\/v2\/comments?post=1288"}],"version-history":[{"count":3,"href":"https:\/\/turfuproject.pacollaborative.com\/fi\/wp-json\/wp\/v2\/pages\/1288\/revisions"}],"predecessor-version":[{"id":1305,"href":"https:\/\/turfuproject.pacollaborative.com\/fi\/wp-json\/wp\/v2\/pages\/1288\/revisions\/1305"}],"wp:attachment":[{"href":"https:\/\/turfuproject.pacollaborative.com\/fi\/wp-json\/wp\/v2\/media?parent=1288"}],"curies":[{"name":"wp","href":"https:\/\/api.w.org\/{rel}","templated":true}]}}